

{"id":31994,"date":"2019-12-13T10:03:14","date_gmt":"2019-12-13T07:03:14","guid":{"rendered":"https:\/\/profaj.com\/bank-accounts\/"},"modified":"2021-01-12T16:18:50","modified_gmt":"2021-01-12T13:18:50","slug":"bank-accounts","status":"publish","type":"page","link":"https:\/\/profaj.com\/en\/profaj\/bank-accounts\/","title":{"rendered":"Bank Accounts"},"content":{"rendered":"<section class=\"l-section wpb_row height_medium\" id=\"about\"><div class=\"l-section-h i-cf\"><div class=\"g-cols vc_row via_flex valign_top type_default\"><div class=\"vc_col-sm-6 wpb_column vc_column_container\"><div class=\"vc_column-inner\"><div class=\"wpb_wrapper\"><div id=\"ultimate-heading-718069e35e005a7e9\" class=\"uvc-heading ult-adjust-bottom-margin ultimate-heading-718069e35e005a7e9 uvc-439 \" data-hspacer=\"no_spacer\"  data-halign=\"left\" style=\"text-align:left\"><div class=\"uvc-heading-spacer no_spacer\" style=\"top\"><\/div><div class=\"uvc-main-heading ult-responsive\"  data-ultimate-target='.uvc-heading.ultimate-heading-718069e35e005a7e9 h4'  data-responsive-json-new='{\"font-size\":\"\",\"line-height\":\"\"}' ><h4 style=\"font-weight:bold;color:#fe5721;margin-bottom:34px;\">Profaj Internet Reklam A\u015f Bank Accounts<\/h4><\/div><\/div><div class=\"wpb_text_column\"><div class=\"wpb_wrapper\"><p><strong>\u0130\u015f Bankas\u0131<\/strong><br \/>\n\u0130zmir Manavkuyu Branch<br \/>\nHesap Numaras\u0131: 3387-0084728<\/p>\n<p>IBAN: TR29 0006 4000 0013 3870 0847 28<\/p>\n<p><strong>Garanti Bankas\u0131 \u0130zmir<\/strong><br \/>\n\u0130zmir Manavkuyu Branch<br \/>\nHesap No: 1275- 6299119<\/p>\n<p>IBAN: TR18 0006 2001 2750 0006 2991 19<\/p>\n<p><strong>Akbank<\/strong><br \/>\n\u0130zmir Manavkuyu Branch<br \/>\nHesap numaras\u0131: 0827 &#8211; 0059639<\/p>\n<p>IBAN: TR61 0004 6008 2788 8000 0596 39<\/p>\n<p><strong>Yap\u0131 Kredi Bankas\u0131<\/strong><br \/>\n\u0130zmir Manavkuyu Branch<br \/>\nHesap numaras\u0131: 1151- 94437519<\/p>\n<p>IBAN: TR18 0006 7010 0000 0094 4375 19<\/p>\n<p>Please remember to enter your company title and web site as remark in web site and online ads bank payments. Contact us for payment with Mail Order, online payment and credit card. Please remember to specify your web site address in Google AdWords payments.<\/p>\n<p>Profaj provides web site design service according to your work. It prepares mobile focused web sites.<\/p>\n<\/div><\/div><div class=\"w-separator size_small\"><\/div><\/div><\/div><\/div><div class=\"vc_col-sm-6 wpb_column vc_column_container\"><div class=\"vc_column-inner\"><div class=\"wpb_wrapper\"><div id=\"ultimate-heading-600569e35e005b272\" class=\"uvc-heading ult-adjust-bottom-margin ultimate-heading-600569e35e005b272 uvc-2995 \" data-hspacer=\"no_spacer\"  data-halign=\"center\" style=\"text-align:center\"><div class=\"uvc-heading-spacer no_spacer\" style=\"top\"><\/div><div class=\"uvc-main-heading ult-responsive\"  data-ultimate-target='.uvc-heading.ultimate-heading-600569e35e005b272 h4'  data-responsive-json-new='{\"font-size\":\"\",\"line-height\":\"\"}' ><h4 style=\"font-weight:bold;color:#fe5721;margin-bottom:34px;\">Profaj Online Payment<\/h4><\/div><\/div><div class=\"wpb_text_column\"><div class=\"wpb_wrapper\"><div class=\"crpc_main_container\"><form action=\"https:\/\/profaj.com\/ozelodeme?islem=baslat\" method=\"post\"><div class=\"prcp_payment_payer_div\"><label class=\"prcp_payment_payer_label\">Name Surname \/ Company<\/label><input type=\"text\" class=\"prcp_payment_payer_input\" id=\"prcp_payment_payer_input\" name=\"payment_payer\" \/><\/div><div class=\"prcp_payment_payer_email_div\"><label class=\"prcp_payment_payer_email_label\">Email Address<\/label><input type=\"email\" class=\"prcp_payment_payer_email_input\" id=\"prcp_payment_payer_email_input\" name=\"payment_payer_email\" \/><\/div><div class=\"prcp_payment_value_label_div\"><label class=\"prcp_payment_value_label\">Amount you want to pay <i>(Exp.: 15,01)<\/i><\/label><input type=\"number\" step=\"0.01\" min=\"1\" maxlength=\"7\" class=\"prcp_payment_value_input\" id=\"prcp_payment_value_input\" name=\"payment_value\" \/><\/div><span id=\"prcp_payment_description_title\">Click to add a comment<\/span><div class=\"prcp_payment_description_label_div\" style=\"display:none\"><textarea class=\"prcp_payment_description_input\" id=\"prcp_payment_description_input\" name=\"payment_description\" ><\/textarea><\/div><h3 class=\"prcp_payment_method_title\">Secure payment by credit card<\/h3><div id=\"prcp_cc_gateways_container\"><div class=\"prcp_cc_gateway_div\" id=\"prcp_cc_gateway_div_yapi_kredi\"><input type=\"hidden\" name=\"prcp_cc_gateway_type\" value=\"yapi_kredi\" \/><h4 class=\"prcp_cc_gateway_name\">Yap\u0131 Kredi 3D \u00d6deme pay with<img decoding=\"async\" src=\"https:\/\/profaj.com\/wp-content\/plugins\/custompayment\/assets\/images\/merchants\/yapi_kredi.jpg\" class=\"prcp_cc_gateway_logo\"  \/><\/h4><span><input placeholder=\"Name Surname\" type=\"text\" name=\"name\" class=\"crcp_yk_name\" id=\"crcp_yk_name\"><\/span>\n\n           <span><input placeholder=\"Credit Card Number\" type=\"tel\" name=\"number\" class=\"crcp_yk_number\" id=\"crcp_yk_number\"><\/span>\n\n           <span><input placeholder=\"MM\/YY\" type=\"tel\" name=\"expiry\" class=\"crcp_yk_expiry\" id=\"crcp_yk_expiry\"><\/span>\n\n           <span><input placeholder=\"CVC\" type=\"number\" name=\"cvc\" class=\"crcp_yk_cvc\" id=\"crcp_yk_cvc\"><\/span>\n\n<\/br>\n\n\t\t        <div class=\"card-wrapper\"><\/div><br><\/div><\/div><input type=\"hidden\" name=\"payment_id\" value=\"YQO3219875\" \/><input type=\"submit\" name=\"prcp_payment_sender_input\" class=\"prcp_payment_sender_input\" id=\"prcp_payment_sender_input\" value=\"PAY\" \/><\/form><\/div>\n<\/div><\/div><\/div><\/div><\/div><\/div><\/div><\/section><section class=\"l-section wpb_row height_auto width_full color_primary\" id=\"bcols\"><div class=\"l-section-h i-cf\"><div class=\"g-cols vc_row via_flex valign_middle type_boxes\"><div class=\"vc_col-sm-6 wpb_column vc_column_container has_bg_color\"><div class=\"vc_column-inner us_custom_2d4415a7\"><div class=\"wpb_wrapper\"><div class=\"wpb_text_column\"><div class=\"wpb_wrapper\"><h2>Get to know Profaj!<\/h2>\n<p>Profaj Digital Advertising Agency works for imperfection of digital advertising studies with all knowledge and experience with its customers over 1000. Our young and dynamic team fulfills your digital marketing requirements and expectations in full.<\/p>\n<\/div><\/div><div class=\"w-btn-wrapper align_none\"><a class=\"w-btn us-btn-style_1 icon_atleft\" href=\"\/?page_id=12\"><i class=\"material-icons\">open_in_new<\/i><span class=\"w-btn-label\">Get to know Profaj!<\/span><\/a><\/div><\/div><\/div><\/div><div class=\"vc_col-sm-6 wpb_column vc_column_container has_bg_color\"><div class=\"vc_column-inner us_custom_d40f9882\"><div class=\"wpb_wrapper\"><div class=\"wpb_text_column\"><div class=\"wpb_wrapper\"><h2>Are you new on the Internet?<\/h2>\n<p>Get all information required with Online Ads and Digital Marketing with Profaj. The information which may help you to grow your business in the Internet, the things you are curious about, all has an answer in Profaj.<\/p>\n<\/div><\/div><div class=\"w-btn-wrapper align_none\"><a class=\"w-btn us-btn-style_1 icon_atleft\" href=\"https:\/\/profaj.com\/en\/blog\/\"><i class=\"material-icons\">open_in_new<\/i><span class=\"w-btn-label\">Get Information!<\/span><\/a><\/div><\/div><\/div><\/div><\/div><\/div><\/section><section class=\"l-section wpb_row height_auto width_full\"><div class=\"l-section-h i-cf\"><div class=\"g-cols vc_row via_flex valign_middle type_default\"><div class=\"vc_col-sm-12 wpb_column vc_column_container\"><div class=\"vc_column-inner\"><div class=\"wpb_wrapper\"><div class=\"w-actionbox color_primary controls_right\"><div class=\"w-actionbox-text\"><h2 class=\"w-actionbox-title\">Effective Marketing Manual for Globalisation has been published<\/h2><\/div><div class=\"w-actionbox-controls\"><a class=\"w-btn us-btn-style_6\" href=\"\/?page_id=30780\"><span class=\"w-btn-label\">Download Now<\/span><\/a><\/div><\/div><\/div><\/div><\/div><\/div><\/div><\/section>\n","protected":false},"excerpt":{"rendered":"Profaj Internet Reklam A\u015f Bank Accounts\u0130\u015f Bankas\u0131 \u0130zmir Manavkuyu Branch Hesap Numaras\u0131: 3387-0084728 IBAN: TR29 0006 4000 0013 3870 0847 28 Garanti Bankas\u0131 \u0130zmir \u0130zmir Manavkuyu Branch Hesap No: 1275- 6299119 IBAN: TR18 0006 2001 2750 0006 2991 19 Akbank \u0130zmir Manavkuyu Branch Hesap numaras\u0131: 0827 &#8211; 0059639 IBAN: TR61 0004 6008 2788 8000 0596...","protected":false},"author":1,"featured_media":0,"parent":32040,"menu_order":0,"comment_status":"closed","ping_status":"closed","template":"","meta":{"footnotes":""},"yst_prominent_words":[],"class_list":["post-31994","page","type-page","status-publish","hentry"],"_links":{"self":[{"href":"https:\/\/profaj.com\/en\/wp-json\/wp\/v2\/pages\/31994","targetHints":{"allow":["GET"]}}],"collection":[{"href":"https:\/\/profaj.com\/en\/wp-json\/wp\/v2\/pages"}],"about":[{"href":"https:\/\/profaj.com\/en\/wp-json\/wp\/v2\/types\/page"}],"author":[{"embeddable":true,"href":"https:\/\/profaj.com\/en\/wp-json\/wp\/v2\/users\/1"}],"replies":[{"embeddable":true,"href":"https:\/\/profaj.com\/en\/wp-json\/wp\/v2\/comments?post=31994"}],"version-history":[{"count":0,"href":"https:\/\/profaj.com\/en\/wp-json\/wp\/v2\/pages\/31994\/revisions"}],"up":[{"embeddable":true,"href":"https:\/\/profaj.com\/en\/wp-json\/wp\/v2\/pages\/32040"}],"wp:attachment":[{"href":"https:\/\/profaj.com\/en\/wp-json\/wp\/v2\/media?parent=31994"}],"wp:term":[{"taxonomy":"yst_prominent_words","embeddable":true,"href":"https:\/\/profaj.com\/en\/wp-json\/wp\/v2\/yst_prominent_words?post=31994"}],"curies":[{"name":"wp","href":"https:\/\/api.w.org\/{rel}","templated":true}]}}