

{"id":32036,"date":"2019-12-13T10:08:01","date_gmt":"2019-12-13T07:08:01","guid":{"rendered":"https:\/\/profaj.com\/effective-marketing-manual-for-globalisation\/"},"modified":"2020-03-30T10:46:30","modified_gmt":"2020-03-30T07:46:30","slug":"effective-marketing-manual-for-globalisation","status":"publish","type":"page","link":"https:\/\/profaj.com\/en\/effective-marketing-manual-for-globalisation\/","title":{"rendered":"Effective Marketing Manual for Globalisation"},"content":{"rendered":"<section class=\"l-section wpb_row height_medium color_primary with_img parallax_ver\"><div class=\"l-section-img\" style=\"background-image: url(https:\/\/profaj.com\/wp-content\/uploads\/2019\/10\/reklam-hizmetleri-ve-pazarlama-ajansi5.jpg);\" data-img-width=\"1920\" data-img-height=\"1080\"><\/div><div class=\"l-section-overlay\" style=\"background:rgba(28,28,28,0.3)\"><\/div><div class=\"l-section-h i-cf\"><div class=\"g-cols vc_row via_flex valign_middle type_default\"><div class=\"vc_col-sm-12 wpb_column vc_column_container\"><div class=\"vc_column-inner\"><div class=\"wpb_wrapper\"><div class=\"g-cols wpb_row via_flex valign_middle type_default\"><div class=\"vc_col-sm-8 wpb_column vc_column_container\"><div class=\"vc_column-inner\"><div class=\"wpb_wrapper\"><div class=\"wpb_text_column\"><div class=\"wpb_wrapper\"><h1><strong>Effective Marketing Manual<br \/>\nfor Globalisation<\/strong><\/h1>\n<\/div><\/div><div class=\"wpb_text_column\"><div class=\"wpb_wrapper\"><p class=\"lead text-white\" style=\"font-size: 20px; margin-top: -13px;\">Use Digital Marketing Channels in More Effective Way.<\/p>\n<\/div><\/div><div class=\"w-btn-wrapper align_none\"><a class=\"w-btn us-btn-style_1\" target=\"_blank\" href=\"#about\" rel=\"noopener\"><span class=\"w-btn-label\">Discover!<\/span><\/a><\/div><\/div><\/div><\/div><div class=\"vc_col-sm-4 wpb_column vc_column_container landform has_bg_color\" id=\"katalogformu\"><div class=\"vc_column-inner us_custom_345ae708\"><div class=\"wpb_wrapper\"><div class=\"wpcf7 no-js\" id=\"wpcf7-f30925-o1\" lang=\"tr-TR\" dir=\"ltr\">\n<div class=\"screen-reader-response\"><p role=\"status\" aria-live=\"polite\" aria-atomic=\"true\"><\/p> <ul><\/ul><\/div>\n<form action=\"\/en\/wp-json\/wp\/v2\/pages\/32036#wpcf7-f30925-o1\" method=\"post\" class=\"wpcf7-form init\" aria-label=\"Contact form\" novalidate=\"novalidate\" data-status=\"init\">\n<div style=\"display: none;\">\n<input type=\"hidden\" name=\"_wpcf7\" value=\"30925\" \/>\n<input type=\"hidden\" name=\"_wpcf7_version\" value=\"5.7.2\" \/>\n<input type=\"hidden\" name=\"_wpcf7_locale\" value=\"tr_TR\" \/>\n<input type=\"hidden\" name=\"_wpcf7_unit_tag\" value=\"wpcf7-f30925-o1\" \/>\n<input type=\"hidden\" name=\"_wpcf7_container_post\" value=\"0\" \/>\n<input type=\"hidden\" name=\"_wpcf7_posted_data_hash\" value=\"\" \/>\n<input type=\"hidden\" name=\"_wpcf7_recaptcha_response\" value=\"\" \/>\n<\/div>\n<h5 style=\"text-align:center\"> Bro\u015f\u00fcr\u00fc \u0130ndirmek \u0130\u00e7in bilgilerinizi doldurun\n<\/h5>\n<p><label> <span class=\"wpcf7-form-control-wrap\" data-name=\"your-name\"><input size=\"40\" class=\"wpcf7-form-control wpcf7-text wpcf7-validates-as-required\" aria-required=\"true\" aria-invalid=\"false\" placeholder=\"\u0130sim *\" value=\"\" type=\"text\" name=\"your-name\" \/><\/span> <\/label>\n<\/p>\n<p><label> <span class=\"wpcf7-form-control-wrap\" data-name=\"your-sirket\"><input size=\"40\" class=\"wpcf7-form-control wpcf7-text wpcf7-validates-as-required\" aria-required=\"true\" aria-invalid=\"false\" placeholder=\"\u015eirketiniz *\" value=\"\" type=\"text\" name=\"your-sirket\" \/><\/span> <\/label>\n<\/p>\n<p><label> <span class=\"wpcf7-form-control-wrap\" data-name=\"your-phone\"><input size=\"40\" class=\"wpcf7-form-control wpcf7-text wpcf7-validates-as-required\" aria-required=\"true\" aria-invalid=\"false\" placeholder=\"Telefon numaras\u0131*\" value=\"\" type=\"text\" name=\"your-phone\" \/><\/span> <\/label>\n<\/p>\n<p><label> <span class=\"wpcf7-form-control-wrap\" data-name=\"your-email\"><input size=\"40\" class=\"wpcf7-form-control wpcf7-text wpcf7-email wpcf7-validates-as-required wpcf7-validates-as-email\" aria-required=\"true\" aria-invalid=\"false\" placeholder=\"E-posta *\" value=\"\" type=\"email\" name=\"your-email\" \/><\/span> <\/label>\n<\/p>\n<p><label> <span class=\"wpcf7-form-control-wrap\" data-name=\"your-message\"><textarea cols=\"40\" rows=\"5\" class=\"wpcf7-form-control wpcf7-textarea\" aria-invalid=\"false\" placeholder=\"Mesaj\u0131n\u0131z\" name=\"your-message\"><\/textarea><\/span> <\/label>\n<\/p>\n<p><input class=\"wpcf7-form-control has-spinner wpcf7-submit\" type=\"submit\" value=\"\u0130ND\u0130R\" \/>\n<\/p><p style=\"display: none !important;\"><label>&#916;<textarea name=\"_wpcf7_ak_hp_textarea\" cols=\"45\" rows=\"8\" maxlength=\"100\"><\/textarea><\/label><input type=\"hidden\" id=\"ak_js_1\" name=\"_wpcf7_ak_js\" value=\"250\"\/><script>document.getElementById( \"ak_js_1\" ).setAttribute( \"value\", ( new Date() ).getTime() );<\/script><\/p><div class=\"wpcf7-response-output\" aria-hidden=\"true\"><\/div><\/form><\/div><\/div><\/div><\/div><\/div><\/div><\/div><\/div><\/div><\/div><\/section><section class=\"l-section wpb_row us_custom_bf52e270 mobilyoket height_small\" id=\"about\"><div class=\"l-section-h i-cf\"><div class=\"g-cols vc_row via_flex valign_middle type_default\"><div class=\"vc_col-sm-6 wpb_column vc_column_container\"><div class=\"vc_column-inner\"><div class=\"wpb_wrapper\"><div class=\"wpb_text_column\"><div class=\"wpb_wrapper\"><p class=\"lead text-white\" style=\"font-size: 20px; margin-bottom: -11px;\">Open up to the World <span style=\"color: #fe3b1f;\">with Firm Steps!<\/span><\/p>\n<\/div><\/div><div class=\"wpb_text_column\"><div class=\"wpb_wrapper\"><h2>How Can You Find<br \/>\na new Market across the World?<\/h2>\n<\/div><\/div><div class=\"wpb_text_column\"><div class=\"wpb_wrapper\"><p class=\"lead text-white\">Data provided by the Google Global Market Finder<br \/>\nhelps you to search for new markets abroad.<br \/>\nKeyword planning tool in Google Ads helps you to have an idea<br \/>\non targeting and keywords<br \/>\nwhile placing ads in new markets.<\/p>\n<\/div><\/div><div class=\"w-separator size_small\"><\/div><\/div><\/div><\/div><div class=\"vc_col-sm-6 wpb_column vc_column_container\"><div class=\"vc_column-inner\"><div class=\"wpb_wrapper\"><div class=\"w-image align_center\"><div class=\"w-image-h\"><img loading=\"lazy\" decoding=\"async\" width=\"1421\" height=\"1328\" src=\"https:\/\/profaj.com\/wp-content\/uploads\/2019\/10\/dunya-4.jpg\" class=\"attachment-full size-full\" alt=\"\" srcset=\"https:\/\/profaj.com\/wp-content\/uploads\/2019\/10\/dunya-4.jpg 1421w, https:\/\/profaj.com\/wp-content\/uploads\/2019\/10\/dunya-4-300x280.jpg 300w, https:\/\/profaj.com\/wp-content\/uploads\/2019\/10\/dunya-4-1024x957.jpg 1024w\" sizes=\"auto, (max-width: 1421px) 100vw, 1421px\" \/><\/div><\/div><\/div><\/div><\/div><\/div><\/div><\/section><section class=\"l-section wpb_row us_custom_bf52e270 pcyoket height_small\"><div class=\"l-section-h i-cf\"><div class=\"g-cols vc_row via_flex valign_middle type_default\"><div class=\"vc_col-sm-6 wpb_column vc_column_container\"><div class=\"vc_column-inner\"><div class=\"wpb_wrapper\"><div class=\"wpb_text_column\"><div class=\"wpb_wrapper\"><p class=\"lead text-white\" style=\"font-size: 20px; margin-bottom: -11px;\">Open up to the World <span style=\"color: #fe3b1f;\">with Firm Steps!<\/span><\/p>\n<\/div><\/div><div class=\"wpb_text_column\"><div class=\"wpb_wrapper\"><h2>How Can You Find<br \/>\na new Market across the World?<\/h2>\n<\/div><\/div><div class=\"wpb_text_column\"><div class=\"wpb_wrapper\"><p class=\"lead text-white\">Data provided by the Google Global Market Finder<br \/>\nhelps you to search for new markets abroad.<br \/>\nKeyword planning tool in Google Ads helps you to have an idea<br \/>\non targeting and keywords<br \/>\nwhile placing ads in new markets.<\/p>\n<\/div><\/div><div class=\"w-separator size_small\"><\/div><\/div><\/div><\/div><div class=\"vc_col-sm-6 wpb_column vc_column_container\"><div class=\"vc_column-inner\"><div class=\"wpb_wrapper\"><div class=\"w-image align_center\"><div class=\"w-image-h\"><img loading=\"lazy\" decoding=\"async\" width=\"1421\" height=\"1328\" src=\"https:\/\/profaj.com\/wp-content\/uploads\/2019\/10\/dunya-4.jpg\" class=\"attachment-full size-full\" alt=\"\" srcset=\"https:\/\/profaj.com\/wp-content\/uploads\/2019\/10\/dunya-4.jpg 1421w, https:\/\/profaj.com\/wp-content\/uploads\/2019\/10\/dunya-4-300x280.jpg 300w, https:\/\/profaj.com\/wp-content\/uploads\/2019\/10\/dunya-4-1024x957.jpg 1024w\" sizes=\"auto, (max-width: 1421px) 100vw, 1421px\" \/><\/div><\/div><\/div><\/div><\/div><\/div><\/div><\/section><section class=\"l-section wpb_row us_custom_7d5e32d4 mobilyoket height_small\"><div class=\"l-section-h i-cf\"><div class=\"g-cols vc_row via_flex valign_middle type_default\"><div class=\"vc_col-sm-6 wpb_column vc_column_container\"><div class=\"vc_column-inner\"><div class=\"wpb_wrapper\"><div class=\"w-image align_left\"><div class=\"w-image-h\"><img loading=\"lazy\" decoding=\"async\" width=\"1024\" height=\"957\" src=\"https:\/\/profaj.com\/wp-content\/uploads\/2019\/10\/pc-4-1024x957.jpg\" class=\"attachment-large size-large\" alt=\"\" srcset=\"https:\/\/profaj.com\/wp-content\/uploads\/2019\/10\/pc-4-1024x957.jpg 1024w, https:\/\/profaj.com\/wp-content\/uploads\/2019\/10\/pc-4-300x280.jpg 300w, https:\/\/profaj.com\/wp-content\/uploads\/2019\/10\/pc-4.jpg 1421w\" sizes=\"auto, (max-width: 1024px) 100vw, 1024px\" \/><\/div><\/div><\/div><\/div><\/div><div class=\"vc_col-sm-6 wpb_column vc_column_container\"><div class=\"vc_column-inner\"><div class=\"wpb_wrapper\"><div class=\"wpb_text_column\"><div class=\"wpb_wrapper\"><p class=\"lead text-white\" style=\"font-size: 20px; margin-bottom: -11px;\"><span style=\"color: #fe3b1f;\">Targeting<\/span><\/p>\n<\/div><\/div><div class=\"wpb_text_column\"><div class=\"wpb_wrapper\"><h2>How much the budget<br \/>\nshould be?<\/h2>\n<\/div><\/div><div class=\"wpb_text_column\"><div class=\"wpb_wrapper\"><p class=\"lead text-white\">Internet enables you to market products with any budget.<br \/>\nWhile determining your budget, you can take action according to your targets<br \/>\nin the areas where you want to place ads and increase<br \/>\nyour sales.<\/p>\n<\/div><\/div><div class=\"w-separator size_small\"><\/div><\/div><\/div><\/div><\/div><\/div><\/section><section class=\"l-section wpb_row pcyoket height_small\"><div class=\"l-section-h i-cf\"><div class=\"g-cols vc_row via_flex valign_middle type_default\"><div class=\"vc_col-sm-6 wpb_column vc_column_container\"><div class=\"vc_column-inner\"><div class=\"wpb_wrapper\"><div class=\"wpb_text_column\"><div class=\"wpb_wrapper\"><p class=\"lead text-white\" style=\"font-size: 20px; margin-bottom: -11px;\"><span style=\"color: #fe3b1f;\">Targeting<\/span><\/p>\n<\/div><\/div><div class=\"wpb_text_column\"><div class=\"wpb_wrapper\"><h2>How much the budget<br \/>\nshould be?<\/h2>\n<\/div><\/div><div class=\"wpb_text_column\"><div class=\"wpb_wrapper\"><p class=\"lead text-white\">Internet enables you to market products with any budget.<br \/>\nWhile determining your budget, you can take action according to your targets<br \/>\nin the areas where you want to place ads and increase<br \/>\nyour sales.<\/p>\n<\/div><\/div><div class=\"w-separator size_small\"><\/div><\/div><\/div><\/div><div class=\"vc_col-sm-6 wpb_column vc_column_container\"><div class=\"vc_column-inner\"><div class=\"wpb_wrapper\"><div class=\"w-image align_left\"><div class=\"w-image-h\"><img loading=\"lazy\" decoding=\"async\" width=\"1024\" height=\"957\" src=\"https:\/\/profaj.com\/wp-content\/uploads\/2019\/10\/pc-4-1024x957.jpg\" class=\"attachment-large size-large\" alt=\"\" srcset=\"https:\/\/profaj.com\/wp-content\/uploads\/2019\/10\/pc-4-1024x957.jpg 1024w, https:\/\/profaj.com\/wp-content\/uploads\/2019\/10\/pc-4-300x280.jpg 300w, https:\/\/profaj.com\/wp-content\/uploads\/2019\/10\/pc-4.jpg 1421w\" sizes=\"auto, (max-width: 1024px) 100vw, 1024px\" \/><\/div><\/div><\/div><\/div><\/div><\/div><\/div><\/section><section class=\"l-section wpb_row us_custom_595bb173 mobilyoket height_small\"><div class=\"l-section-h i-cf\"><div class=\"g-cols vc_row via_flex valign_middle type_default\"><div class=\"vc_col-sm-6 wpb_column vc_column_container\"><div class=\"vc_column-inner\"><div class=\"wpb_wrapper\"><div class=\"wpb_text_column\"><div class=\"wpb_wrapper\"><h2>A Good Web Site<\/h2>\n<\/div><\/div><div class=\"wpb_text_column\"><div class=\"wpb_wrapper\"><p class=\"lead text-white\" style=\"font-size: 20px; margin-bottom: -11px; margin-top: -16px;\">Localize your Web Site<br \/>\n<span style=\"color: #fe3b1f;\">for the Most Effective Marketing.<\/span><\/p>\n<\/div><\/div><div class=\"wpb_text_column\"><div class=\"wpb_wrapper\"><p class=\"lead text-white\">Different countries have different reactions.<\/p>\n<ul style=\"color: #fe3b1f; padding: 0; margin: -21px 18px 8px;\">\n<li>Your page content<\/li>\n<li>Your payment system<\/li>\n<li>Outstanding Products<\/li>\n<\/ul>\n<p>should be in compliance with the country, area<br \/>\nand marketing targets.<\/p>\n<\/div><\/div><div class=\"w-separator size_small\"><\/div><\/div><\/div><\/div><div class=\"vc_col-sm-6 wpb_column vc_column_container\"><div class=\"vc_column-inner\"><div class=\"wpb_wrapper\"><div class=\"w-image align_none\"><div class=\"w-image-h\"><img loading=\"lazy\" decoding=\"async\" width=\"600\" height=\"300\" src=\"https:\/\/profaj.com\/wp-content\/uploads\/2019\/10\/pc-3.jpg\" class=\"attachment-large size-large\" alt=\"\" srcset=\"https:\/\/profaj.com\/wp-content\/uploads\/2019\/10\/pc-3.jpg 600w, https:\/\/profaj.com\/wp-content\/uploads\/2019\/10\/pc-3-300x150.jpg 300w\" sizes=\"auto, (max-width: 600px) 100vw, 600px\" \/><\/div><\/div><\/div><\/div><\/div><\/div><\/div><\/section><section class=\"l-section wpb_row pcyoket height_small\"><div class=\"l-section-h i-cf\"><div class=\"g-cols vc_row via_flex valign_middle type_default\"><div class=\"vc_col-sm-6 wpb_column vc_column_container\"><div class=\"vc_column-inner\"><div class=\"wpb_wrapper\"><div class=\"wpb_text_column\"><div class=\"wpb_wrapper\"><h2>A Good Web Site<\/h2>\n<\/div><\/div><div class=\"wpb_text_column\"><div class=\"wpb_wrapper\"><p class=\"lead text-white\" style=\"font-size: 20px; margin-bottom: -11px; margin-top: -16px;\">Localize your Web Site<br \/>\n<span style=\"color: #fe3b1f;\">for the Most Effective Marketing.<\/span><\/p>\n<\/div><\/div><div class=\"wpb_text_column\"><div class=\"wpb_wrapper\"><p class=\"lead text-white\">Different countries have different reactions.<\/p>\n<ul style=\"color: #fe3b1f; padding: 0; margin: -21px 18px 8px;\">\n<li>Your page content<\/li>\n<li>Your payment system<\/li>\n<li>Outstanding Products<\/li>\n<\/ul>\n<p>should be in compliance with the country, area<br \/>\nand marketing targets.<\/p>\n<\/div><\/div><div class=\"w-separator size_small\"><\/div><\/div><\/div><\/div><div class=\"vc_col-sm-6 wpb_column vc_column_container\"><div class=\"vc_column-inner\"><div class=\"wpb_wrapper\"><div class=\"w-image align_none\"><div class=\"w-image-h\"><img loading=\"lazy\" decoding=\"async\" width=\"600\" height=\"300\" src=\"https:\/\/profaj.com\/wp-content\/uploads\/2019\/10\/pc-3.jpg\" class=\"attachment-large size-large\" alt=\"\" srcset=\"https:\/\/profaj.com\/wp-content\/uploads\/2019\/10\/pc-3.jpg 600w, https:\/\/profaj.com\/wp-content\/uploads\/2019\/10\/pc-3-300x150.jpg 300w\" sizes=\"auto, (max-width: 600px) 100vw, 600px\" \/><\/div><\/div><\/div><\/div><\/div><\/div><\/div><\/section><section class=\"l-section wpb_row us_custom_7d5e32d4 mobilyoket height_small\"><div class=\"l-section-h i-cf\"><div class=\"g-cols vc_row via_flex valign_middle type_default\"><div class=\"vc_col-sm-6 wpb_column vc_column_container\"><div class=\"vc_column-inner\"><div class=\"wpb_wrapper\"><div class=\"w-image align_none\"><div class=\"w-image-h\"><img loading=\"lazy\" decoding=\"async\" width=\"1024\" height=\"957\" src=\"https:\/\/profaj.com\/wp-content\/uploads\/2019\/10\/etkili-reklam-1-1024x957.jpg\" class=\"attachment-large size-large\" alt=\"\" srcset=\"https:\/\/profaj.com\/wp-content\/uploads\/2019\/10\/etkili-reklam-1-1024x957.jpg 1024w, https:\/\/profaj.com\/wp-content\/uploads\/2019\/10\/etkili-reklam-1-300x280.jpg 300w, https:\/\/profaj.com\/wp-content\/uploads\/2019\/10\/etkili-reklam-1.jpg 1421w\" sizes=\"auto, (max-width: 1024px) 100vw, 1024px\" \/><\/div><\/div><\/div><\/div><\/div><div class=\"vc_col-sm-6 wpb_column vc_column_container\"><div class=\"vc_column-inner\"><div class=\"wpb_wrapper\"><div class=\"wpb_text_column\"><div class=\"wpb_wrapper\"><h2>Effective Advertising Creative<\/h2>\n<\/div><\/div><div class=\"wpb_text_column\"><div class=\"wpb_wrapper\"><p class=\"lead text-white\" style=\"font-size: 20px; margin-bottom: -11px; margin-top: -16px;\"><span style=\"color: #fe3b1f;\">Test different locations and colors.<\/span><\/p>\n<\/div><\/div><div class=\"wpb_text_column\"><div class=\"wpb_wrapper\"><p class=\"lead text-white\">Every person has a different taste. Different colors,<br \/>\ndifferent messages enable your ads to work in a more effective<br \/>\nway. In addition, you can measure which ad is more effective<br \/>\nwith A\/B test.<\/p>\n<\/div><\/div><div class=\"w-separator size_small\"><\/div><\/div><\/div><\/div><\/div><\/div><\/section><section class=\"l-section wpb_row pcyoket height_small\"><div class=\"l-section-h i-cf\"><div class=\"g-cols vc_row via_flex valign_middle type_default\"><div class=\"vc_col-sm-6 wpb_column vc_column_container\"><div class=\"vc_column-inner\"><div class=\"wpb_wrapper\"><div class=\"wpb_text_column\"><div class=\"wpb_wrapper\"><h2>Effective Advertising Creative<\/h2>\n<\/div><\/div><div class=\"wpb_text_column\"><div class=\"wpb_wrapper\"><p class=\"lead text-white\" style=\"font-size: 20px; margin-bottom: -11px; margin-top: -16px;\"><span style=\"color: #fe3b1f;\">Test different locations and colors.<\/span><\/p>\n<\/div><\/div><div class=\"wpb_text_column\"><div class=\"wpb_wrapper\"><p class=\"lead text-white\">Every person has a different taste. Different colors,<br \/>\ndifferent messages enable your ads to work in a more effective<br \/>\nway. In addition, you can measure which ad is more effective<br \/>\nwith A\/B test.<\/p>\n<\/div><\/div><div class=\"w-separator size_small\"><\/div><\/div><\/div><\/div><div class=\"vc_col-sm-6 wpb_column vc_column_container\"><div class=\"vc_column-inner\"><div class=\"wpb_wrapper\"><div class=\"w-image align_none\"><div class=\"w-image-h\"><img loading=\"lazy\" decoding=\"async\" width=\"1024\" height=\"957\" src=\"https:\/\/profaj.com\/wp-content\/uploads\/2019\/10\/etkili-reklam-1-1024x957.jpg\" class=\"attachment-large size-large\" alt=\"\" srcset=\"https:\/\/profaj.com\/wp-content\/uploads\/2019\/10\/etkili-reklam-1-1024x957.jpg 1024w, https:\/\/profaj.com\/wp-content\/uploads\/2019\/10\/etkili-reklam-1-300x280.jpg 300w, https:\/\/profaj.com\/wp-content\/uploads\/2019\/10\/etkili-reklam-1.jpg 1421w\" sizes=\"auto, (max-width: 1024px) 100vw, 1024px\" \/><\/div><\/div><\/div><\/div><\/div><\/div><\/div><\/section><section class=\"l-section wpb_row us_custom_7d5e32d4 mobilyoket height_small\"><div class=\"l-section-h i-cf\"><div class=\"g-cols vc_row via_flex valign_middle type_default\"><div class=\"vc_col-sm-6 wpb_column vc_column_container\"><div class=\"vc_column-inner\"><div class=\"wpb_wrapper\"><div class=\"wpb_text_column\"><div class=\"wpb_wrapper\"><h2>Google Ads<\/h2>\n<\/div><\/div><div class=\"wpb_text_column\"><div class=\"wpb_wrapper\"><p class=\"lead text-white\" style=\"font-size: 20px; margin-bottom: -11px; margin-top: -16px;\">It provides efficiency for<br \/>\n<span style=\"color: #fe3b1f;\">any scale of business.<\/span><\/p>\n<\/div><\/div><div class=\"wpb_text_column\"><div class=\"wpb_wrapper\"><p class=\"lead text-white\">With Google Ads, you can promote the products and services sold by you,<br \/>\nanalyze your competitors and enable your target group<br \/>\nto find you easily. With Google Ads, you can reach<br \/>\nthe users anywhere in the Internet. While your customers are<br \/>\nsearching on the Internet, searching for an information on the Internet,<br \/>\nwatching videos on the Internet or using<br \/>\nmobile applications, you can reach them through Google Ads.<\/p>\n<\/div><\/div><div class=\"w-separator size_small\"><\/div><\/div><\/div><\/div><div class=\"vc_col-sm-6 wpb_column vc_column_container\"><div class=\"vc_column-inner\"><div class=\"wpb_wrapper\"><div class=\"w-image align_none\"><div class=\"w-image-h\"><img loading=\"lazy\" decoding=\"async\" width=\"1024\" height=\"957\" src=\"https:\/\/profaj.com\/wp-content\/uploads\/2019\/10\/google-1-1024x957.jpg\" class=\"attachment-large size-large\" alt=\"\" srcset=\"https:\/\/profaj.com\/wp-content\/uploads\/2019\/10\/google-1-1024x957.jpg 1024w, https:\/\/profaj.com\/wp-content\/uploads\/2019\/10\/google-1-300x280.jpg 300w, https:\/\/profaj.com\/wp-content\/uploads\/2019\/10\/google-1.jpg 1421w\" sizes=\"auto, (max-width: 1024px) 100vw, 1024px\" \/><\/div><\/div><\/div><\/div><\/div><\/div><\/div><\/section><section class=\"l-section wpb_row pcyoket height_small\"><div class=\"l-section-h i-cf\"><div class=\"g-cols vc_row via_flex valign_middle type_default\"><div class=\"vc_col-sm-6 wpb_column vc_column_container\"><div class=\"vc_column-inner\"><div class=\"wpb_wrapper\"><div class=\"wpb_text_column\"><div class=\"wpb_wrapper\"><h2>Google Ads<\/h2>\n<\/div><\/div><div class=\"wpb_text_column\"><div class=\"wpb_wrapper\"><p class=\"lead text-white\" style=\"font-size: 20px; margin-bottom: -11px; margin-top: -16px;\">It provides efficiency for<br \/>\n<span style=\"color: #fe3b1f;\">any scale of business.<\/span><\/p>\n<\/div><\/div><div class=\"wpb_text_column\"><div class=\"wpb_wrapper\"><p class=\"lead text-white\">With Google Ads, you can promote the products and services sold by you,<br \/>\nanalyze your competitors and enable your target group<br \/>\nto find you easily. With Google Ads, you can reach<br \/>\nthe users anywhere in the Internet. While your customers are<br \/>\nsearching on the Internet, searching for an information on the Internet,<br \/>\nwatching videos on the Internet or using<br \/>\nmobile applications, you can reach them through Google Ads.<\/p>\n<\/div><\/div><div class=\"w-separator size_small\"><\/div><\/div><\/div><\/div><div class=\"vc_col-sm-6 wpb_column vc_column_container\"><div class=\"vc_column-inner\"><div class=\"wpb_wrapper\"><div class=\"w-image align_none\"><div class=\"w-image-h\"><img loading=\"lazy\" decoding=\"async\" width=\"1024\" height=\"957\" src=\"https:\/\/profaj.com\/wp-content\/uploads\/2019\/10\/google-1-1024x957.jpg\" class=\"attachment-large size-large\" alt=\"\" srcset=\"https:\/\/profaj.com\/wp-content\/uploads\/2019\/10\/google-1-1024x957.jpg 1024w, https:\/\/profaj.com\/wp-content\/uploads\/2019\/10\/google-1-300x280.jpg 300w, https:\/\/profaj.com\/wp-content\/uploads\/2019\/10\/google-1.jpg 1421w\" sizes=\"auto, (max-width: 1024px) 100vw, 1024px\" \/><\/div><\/div><\/div><\/div><\/div><\/div><\/div><\/section><section class=\"l-section wpb_row mobilyoket height_auto width_full\"><div class=\"l-section-h i-cf\"><div class=\"g-cols vc_row via_flex valign_middle type_default\"><div class=\"vc_col-sm-12 wpb_column vc_column_container\"><div class=\"vc_column-inner\"><div class=\"wpb_wrapper\"><div class=\"w-actionbox color_primary controls_right\"><div class=\"w-actionbox-text\"><h2 class=\"w-actionbox-title\">Effective Marketing Manual for Globalisation has been published<\/h2><\/div><div class=\"w-actionbox-controls\"><a class=\"w-btn us-btn-style_6\" target=\"_blank\" href=\"#katalogformu\" rel=\"noopener\"><span class=\"w-btn-label\">Download Now<\/span><\/a><\/div><\/div><\/div><\/div><\/div><\/div><\/div><\/section><section class=\"l-section wpb_row pcyoket height_auto width_full\"><div class=\"l-section-h i-cf\"><div class=\"g-cols vc_row via_flex valign_middle type_default\"><div class=\"vc_col-sm-12 wpb_column vc_column_container\"><div class=\"vc_column-inner\"><div class=\"wpb_wrapper\"><div class=\"w-actionbox color_primary controls_right\"><div class=\"w-actionbox-text\"><h2 class=\"w-actionbox-title\">Effective Marketing Manual for Globalisation has been published\u2019<\/h2><\/div><div class=\"w-actionbox-controls\"><a class=\"w-btn us-btn-style_6\" href=\"#katalogformu\"><span class=\"w-btn-label\">Download Now<\/span><\/a><\/div><\/div><\/div><\/div><\/div><\/div><\/div><\/section>\n","protected":false},"excerpt":{"rendered":"Effective Marketing Manual for Globalisation Use Digital Marketing Channels in More Effective Way. Discover! Bro\u015f\u00fcr\u00fc \u0130ndirmek \u0130\u00e7in bilgilerinizi doldurun &#916;Open up to the World with Firm Steps! How Can You Find a new Market across the World? Data provided by the Google Global Market Finder helps you to search for new markets abroad. Keyword planning...","protected":false},"author":1,"featured_media":0,"parent":0,"menu_order":0,"comment_status":"closed","ping_status":"closed","template":"","meta":{"footnotes":""},"class_list":["post-32036","page","type-page","status-publish","hentry"],"_links":{"self":[{"href":"https:\/\/profaj.com\/en\/wp-json\/wp\/v2\/pages\/32036","targetHints":{"allow":["GET"]}}],"collection":[{"href":"https:\/\/profaj.com\/en\/wp-json\/wp\/v2\/pages"}],"about":[{"href":"https:\/\/profaj.com\/en\/wp-json\/wp\/v2\/types\/page"}],"author":[{"embeddable":true,"href":"https:\/\/profaj.com\/en\/wp-json\/wp\/v2\/users\/1"}],"replies":[{"embeddable":true,"href":"https:\/\/profaj.com\/en\/wp-json\/wp\/v2\/comments?post=32036"}],"version-history":[{"count":0,"href":"https:\/\/profaj.com\/en\/wp-json\/wp\/v2\/pages\/32036\/revisions"}],"wp:attachment":[{"href":"https:\/\/profaj.com\/en\/wp-json\/wp\/v2\/media?parent=32036"}],"curies":[{"name":"wp","href":"https:\/\/api.w.org\/{rel}","templated":true}]}}